{"id":182,"date":"2022-04-05T12:48:19","date_gmt":"2022-04-05T12:48:19","guid":{"rendered":"https:\/\/two-good-delivery.de\/?page_id=182"},"modified":"2022-04-06T09:42:15","modified_gmt":"2022-04-06T09:42:15","slug":"danke","status":"publish","type":"page","link":"https:\/\/two-good-delivery.de\/ro\/danke\/","title":{"rendered":"Danke"},"content":{"rendered":"<div data-elementor-type=\"wp-page\" data-elementor-id=\"182\" class=\"elementor elementor-182\">\n\t\t\t\t\t\t\t\t\t<section class=\"elementor-section elementor-top-section elementor-element elementor-element-a623daf elementor-section-height-min-height elementor-section-boxed elementor-section-height-default elementor-section-items-middle\" data-id=\"a623daf\" data-element_type=\"section\">\n\t\t\t\t\t\t<div class=\"elementor-container elementor-column-gap-default\">\n\t\t\t\t\t<div class=\"elementor-column elementor-col-100 elementor-top-column elementor-element elementor-element-6808601\" data-id=\"6808601\" data-element_type=\"column\">\n\t\t\t<div class=\"elementor-widget-wrap elementor-element-populated\">\n\t\t\t\t\t\t\t\t<div class=\"elementor-element elementor-element-18d421a elementor-widget elementor-widget-heading\" data-id=\"18d421a\" data-element_type=\"widget\" data-widget_type=\"heading.default\">\n\t\t\t\t<div class=\"elementor-widget-container\">\n\t\t\t<style>\/*! elementor - v3.8.1 - 13-11-2022 *\/\n.elementor-heading-title{padding:0;margin:0;line-height:1}.elementor-widget-heading .elementor-heading-title[class*=elementor-size-]>a{color:inherit;font-size:inherit;line-height:inherit}.elementor-widget-heading .elementor-heading-title.elementor-size-small{font-size:15px}.elementor-widget-heading .elementor-heading-title.elementor-size-medium{font-size:19px}.elementor-widget-heading .elementor-heading-title.elementor-size-large{font-size:29px}.elementor-widget-heading .elementor-heading-title.elementor-size-xl{font-size:39px}.elementor-widget-heading .elementor-heading-title.elementor-size-xxl{font-size:59px}<\/style><p class=\"elementor-heading-title elementor-size-default\">V\u0103 mul\u021bumim pentru aplica\u021bie!<\/p>\t\t<\/div>\n\t\t\t\t<\/div>\n\t\t\t\t<div class=\"elementor-element elementor-element-053c432 elementor-widget elementor-widget-heading\" data-id=\"053c432\" data-element_type=\"widget\" data-widget_type=\"heading.default\">\n\t\t\t\t<div class=\"elementor-widget-container\">\n\t\t\t<p class=\"elementor-heading-title elementor-size-default\">Cum merge de aici?\n<\/p>\t\t<\/div>\n\t\t\t\t<\/div>\n\t\t\t\t<div class=\"elementor-element elementor-element-4aac8f6 elementor-widget elementor-widget-heading\" data-id=\"4aac8f6\" data-element_type=\"widget\" data-widget_type=\"heading.default\">\n\t\t\t\t<div class=\"elementor-widget-container\">\n\t\t\t<p class=\"elementor-heading-title elementor-size-default\">Ve\u021bi primi un apel de la noi \u00een scurt timp. \u00cen acest interviu putem clarifica toate \u00eentreb\u0103rile legate de cererea dvs. \u0219i de postul anun\u021bat.<\/p>\t\t<\/div>\n\t\t\t\t<\/div>\n\t\t\t\t\t<\/div>\n\t\t<\/div>\n\t\t\t\t\t\t\t<\/div>\n\t\t<\/section>\n\t\t\t\t\t\t\t<\/div>","protected":false},"excerpt":{"rendered":"<p>Vielen Dank f\u00fcr deine Bewerbung! Wie geht es nun weiter? In K\u00fcrze erh\u00e4ltst du einen Anruf von uns. In diesem Gespr\u00e4ch k\u00f6nnen wir alle Fragen zu deiner Bewerbung und zur ausgeschriebenen Stelle kl\u00e4ren.<\/p>","protected":false},"author":1,"featured_media":0,"parent":0,"menu_order":0,"comment_status":"closed","ping_status":"closed","template":"elementor_canvas","meta":{"site-sidebar-layout":"no-sidebar","site-content-layout":"page-builder","ast-main-header-display":"","ast-hfb-above-header-display":"","ast-hfb-below-header-display":"","ast-hfb-mobile-header-display":"","site-post-title":"disabled","ast-breadcrumbs-content":"","ast-featured-img":"disabled","footer-sml-layout":"","theme-transparent-header-meta":"","adv-header-id-meta":"","stick-header-meta":"","header-above-stick-meta":"","header-main-stick-meta":"","header-below-stick-meta":"","footnotes":""},"class_list":["post-182","page","type-page","status-publish","hentry"],"yoast_head":"<!-- This site is optimized with the Yoast SEO plugin v19.10 - https:\/\/yoast.com\/wordpress\/plugins\/seo\/ -->\n<title>Danke - Two Good Delivery<\/title>\n<meta name=\"robots\" content=\"index, follow, max-snippet:-1, max-image-preview:large, max-video-preview:-1\" \/>\n<link rel=\"canonical\" href=\"https:\/\/two-good-delivery.de\/ro\/danke\/\" \/>\n<meta property=\"og:locale\" content=\"ro_RO\" \/>\n<meta property=\"og:type\" content=\"article\" \/>\n<meta property=\"og:title\" content=\"Danke - Two Good Delivery\" \/>\n<meta property=\"og:description\" content=\"Vielen Dank f\u00fcr deine Bewerbung! Wie geht es nun weiter? In K\u00fcrze erh\u00e4ltst du einen Anruf von uns. In diesem Gespr\u00e4ch k\u00f6nnen wir alle Fragen zu deiner Bewerbung und zur ausgeschriebenen Stelle kl\u00e4ren.\" \/>\n<meta property=\"og:url\" content=\"https:\/\/two-good-delivery.de\/ro\/danke\/\" \/>\n<meta property=\"og:site_name\" content=\"Two Good Delivery\" \/>\n<meta property=\"article:modified_time\" content=\"2022-04-06T09:42:15+00:00\" \/>\n<meta name=\"twitter:card\" content=\"summary_large_image\" \/>\n<meta name=\"twitter:label1\" content=\"Timp estimat pentru citire\" \/>\n\t<meta name=\"twitter:data1\" content=\"1 minut\" \/>\n<script type=\"application\/ld+json\" class=\"yoast-schema-graph\">{\"@context\":\"https:\/\/schema.org\",\"@graph\":[{\"@type\":\"WebPage\",\"@id\":\"https:\/\/two-good-delivery.de\/danke\/\",\"url\":\"https:\/\/two-good-delivery.de\/danke\/\",\"name\":\"Danke - Two Good Delivery\",\"isPartOf\":{\"@id\":\"https:\/\/two-good-delivery.de\/#website\"},\"datePublished\":\"2022-04-05T12:48:19+00:00\",\"dateModified\":\"2022-04-06T09:42:15+00:00\",\"breadcrumb\":{\"@id\":\"https:\/\/two-good-delivery.de\/danke\/#breadcrumb\"},\"inLanguage\":\"ro-RO\",\"potentialAction\":[{\"@type\":\"ReadAction\",\"target\":[\"https:\/\/two-good-delivery.de\/danke\/\"]}]},{\"@type\":\"BreadcrumbList\",\"@id\":\"https:\/\/two-good-delivery.de\/danke\/#breadcrumb\",\"itemListElement\":[{\"@type\":\"ListItem\",\"position\":1,\"name\":\"Startseite\",\"item\":\"https:\/\/two-good-delivery.de\/\"},{\"@type\":\"ListItem\",\"position\":2,\"name\":\"Danke\"}]},{\"@type\":\"WebSite\",\"@id\":\"https:\/\/two-good-delivery.de\/#website\",\"url\":\"https:\/\/two-good-delivery.de\/\",\"name\":\"Two Good Delivery\",\"description\":\"Dein Lieferunternehmen aus Baden-W\u00fcrttemberg\",\"potentialAction\":[{\"@type\":\"SearchAction\",\"target\":{\"@type\":\"EntryPoint\",\"urlTemplate\":\"https:\/\/two-good-delivery.de\/?s={search_term_string}\"},\"query-input\":\"required name=search_term_string\"}],\"inLanguage\":\"ro-RO\"}]}<\/script>\n<!-- \/ Yoast SEO plugin. -->","yoast_head_json":{"title":"Danke - Two Good Delivery","robots":{"index":"index","follow":"follow","max-snippet":"max-snippet:-1","max-image-preview":"max-image-preview:large","max-video-preview":"max-video-preview:-1"},"canonical":"https:\/\/two-good-delivery.de\/ro\/danke\/","og_locale":"ro_RO","og_type":"article","og_title":"Danke - Two Good Delivery","og_description":"Vielen Dank f\u00fcr deine Bewerbung! Wie geht es nun weiter? In K\u00fcrze erh\u00e4ltst du einen Anruf von uns. In diesem Gespr\u00e4ch k\u00f6nnen wir alle Fragen zu deiner Bewerbung und zur ausgeschriebenen Stelle kl\u00e4ren.","og_url":"https:\/\/two-good-delivery.de\/ro\/danke\/","og_site_name":"Two Good Delivery","article_modified_time":"2022-04-06T09:42:15+00:00","twitter_card":"summary_large_image","twitter_misc":{"Timp estimat pentru citire":"1 minut"},"schema":{"@context":"https:\/\/schema.org","@graph":[{"@type":"WebPage","@id":"https:\/\/two-good-delivery.de\/danke\/","url":"https:\/\/two-good-delivery.de\/danke\/","name":"Danke - Two Good Delivery","isPartOf":{"@id":"https:\/\/two-good-delivery.de\/#website"},"datePublished":"2022-04-05T12:48:19+00:00","dateModified":"2022-04-06T09:42:15+00:00","breadcrumb":{"@id":"https:\/\/two-good-delivery.de\/danke\/#breadcrumb"},"inLanguage":"ro-RO","potentialAction":[{"@type":"ReadAction","target":["https:\/\/two-good-delivery.de\/danke\/"]}]},{"@type":"BreadcrumbList","@id":"https:\/\/two-good-delivery.de\/danke\/#breadcrumb","itemListElement":[{"@type":"ListItem","position":1,"name":"Startseite","item":"https:\/\/two-good-delivery.de\/"},{"@type":"ListItem","position":2,"name":"Danke"}]},{"@type":"WebSite","@id":"https:\/\/two-good-delivery.de\/#website","url":"https:\/\/two-good-delivery.de\/","name":"Two Good Delivery","description":"Dein Lieferunternehmen aus Baden-W\u00fcrttemberg","potentialAction":[{"@type":"SearchAction","target":{"@type":"EntryPoint","urlTemplate":"https:\/\/two-good-delivery.de\/?s={search_term_string}"},"query-input":"required name=search_term_string"}],"inLanguage":"ro-RO"}]}},"_links":{"self":[{"href":"https:\/\/two-good-delivery.de\/ro\/wp-json\/wp\/v2\/pages\/182","targetHints":{"allow":["GET"]}}],"collection":[{"href":"https:\/\/two-good-delivery.de\/ro\/wp-json\/wp\/v2\/pages"}],"about":[{"href":"https:\/\/two-good-delivery.de\/ro\/wp-json\/wp\/v2\/types\/page"}],"author":[{"embeddable":true,"href":"https:\/\/two-good-delivery.de\/ro\/wp-json\/wp\/v2\/users\/1"}],"replies":[{"embeddable":true,"href":"https:\/\/two-good-delivery.de\/ro\/wp-json\/wp\/v2\/comments?post=182"}],"version-history":[{"count":10,"href":"https:\/\/two-good-delivery.de\/ro\/wp-json\/wp\/v2\/pages\/182\/revisions"}],"predecessor-version":[{"id":219,"href":"https:\/\/two-good-delivery.de\/ro\/wp-json\/wp\/v2\/pages\/182\/revisions\/219"}],"wp:attachment":[{"href":"https:\/\/two-good-delivery.de\/ro\/wp-json\/wp\/v2\/media?parent=182"}],"curies":[{"name":"wp","href":"https:\/\/api.w.org\/{rel}","templated":true}]}}